{"id":19440,"date":"2023-05-02T14:58:57","date_gmt":"2023-05-02T14:58:57","guid":{"rendered":"https:\/\/hela.nl\/product\/hela-satesaus-licht-pikant-33-kg\/"},"modified":"2025-10-04T13:03:23","modified_gmt":"2025-10-04T11:03:23","slug":"hela-satay-sauce-slightly-spicy-33-kg","status":"publish","type":"product","link":"https:\/\/hela.nl\/en\/product\/hela-satesaus-licht-pikant-33-kg\/","title":{"rendered":"Hela Satay sauce slightly spicy 3,3 kg"},"content":{"rendered":"","protected":false},"excerpt":{"rendered":"","protected":false},"featured_media":92226,"template":"","meta":{"_acf_changed":false},"product_brand":[],"product_cat":[15],"product_tag":[108],"class_list":{"0":"post-19440","1":"product","2":"type-product","3":"status-publish","4":"has-post-thumbnail","6":"product_cat-smaakmaker","7":"product_tag-j-warmesaus","9":"first","10":"instock","11":"taxable","12":"shipping-taxable","13":"purchasable","14":"product-type-simple"},"acf":[],"yoast_head":"<!-- This site is optimized with the Yoast SEO plugin v27.2 - https:\/\/yoast.com\/product\/yoast-seo-wordpress\/ -->\n<title>Hela Sat\u00e9saus licht pikant 3,3 kg - Hela.nl | Hela Thissen B.V.<\/title>\n<meta name=\"description\" content=\"Hela Sat\u00e9saus Licht Pikant is een kant-en-klare sat\u00e9saus gemaakt met pinda\u2019s, verrijkt met kruiden en specerijen.\" \/>\n<meta name=\"robots\" content=\"index, follow, max-snippet:-1, max-image-preview:large, max-video-preview:-1\" \/>\n<link rel=\"canonical\" href=\"https:\/\/hela.nl\/en\/product\/hela-satay-sauce-slightly-spicy-33-kg\/\" \/>\n<meta property=\"og:locale\" content=\"en_GB\" \/>\n<meta property=\"og:type\" content=\"article\" \/>\n<meta property=\"og:title\" content=\"Hela Sat\u00e9saus licht pikant 3,3 kg - Hela.nl | Hela Thissen B.V.\" \/>\n<meta property=\"og:description\" content=\"Hela Sat\u00e9saus Licht Pikant is een kant-en-klare sat\u00e9saus gemaakt met pinda\u2019s, verrijkt met kruiden en specerijen.\" \/>\n<meta property=\"og:url\" content=\"https:\/\/hela.nl\/en\/product\/hela-satay-sauce-slightly-spicy-33-kg\/\" \/>\n<meta property=\"og:site_name\" content=\"Hela.nl | Hela Thissen B.V.\" \/>\n<meta property=\"article:modified_time\" content=\"2025-10-04T11:03:23+00:00\" \/>\n<meta property=\"og:image\" content=\"https:\/\/hela.nl\/wp-content\/uploads\/2023\/06\/hela-satesaus-licht-pikant-33-kg-1024x1024.png\" \/>\n\t<meta property=\"og:image:width\" content=\"1024\" \/>\n\t<meta property=\"og:image:height\" content=\"1024\" \/>\n\t<meta property=\"og:image:type\" content=\"image\/png\" \/>\n<meta name=\"twitter:card\" content=\"summary_large_image\" \/>\n<script type=\"application\/ld+json\" class=\"yoast-schema-graph\">{\"@context\":\"https:\/\/schema.org\",\"@graph\":[{\"@type\":\"WebPage\",\"@id\":\"https:\/\/hela.nl\/product\/hela-satesaus-licht-pikant-33-kg\/\",\"url\":\"https:\/\/hela.nl\/product\/hela-satesaus-licht-pikant-33-kg\/\",\"name\":\"Hela Sat\u00e9saus licht pikant 3,3 kg - Hela.nl | Hela Thissen B.V.\",\"isPartOf\":{\"@id\":\"https:\/\/hela.nl\/#website\"},\"primaryImageOfPage\":{\"@id\":\"https:\/\/hela.nl\/product\/hela-satesaus-licht-pikant-33-kg\/#primaryimage\"},\"image\":{\"@id\":\"https:\/\/hela.nl\/product\/hela-satesaus-licht-pikant-33-kg\/#primaryimage\"},\"thumbnailUrl\":\"https:\/\/hela.nl\/wp-content\/uploads\/2023\/06\/hela-satesaus-licht-pikant-33-kg.png\",\"datePublished\":\"2023-05-02T14:58:57+00:00\",\"dateModified\":\"2025-10-04T11:03:23+00:00\",\"description\":\"Hela Sat\u00e9saus Licht Pikant is een kant-en-klare sat\u00e9saus gemaakt met pinda\u2019s, verrijkt met kruiden en specerijen.\",\"breadcrumb\":{\"@id\":\"https:\/\/hela.nl\/product\/hela-satesaus-licht-pikant-33-kg\/#breadcrumb\"},\"inLanguage\":\"en-GB\",\"potentialAction\":[{\"@type\":\"ReadAction\",\"target\":[\"https:\/\/hela.nl\/product\/hela-satesaus-licht-pikant-33-kg\/\"]}]},{\"@type\":\"ImageObject\",\"inLanguage\":\"en-GB\",\"@id\":\"https:\/\/hela.nl\/product\/hela-satesaus-licht-pikant-33-kg\/#primaryimage\",\"url\":\"https:\/\/hela.nl\/wp-content\/uploads\/2023\/06\/hela-satesaus-licht-pikant-33-kg.png\",\"contentUrl\":\"https:\/\/hela.nl\/wp-content\/uploads\/2023\/06\/hela-satesaus-licht-pikant-33-kg.png\",\"width\":3000,\"height\":3000,\"caption\":\"hela-satesaus-licht-pikant-33-kg.png\"},{\"@type\":\"BreadcrumbList\",\"@id\":\"https:\/\/hela.nl\/product\/hela-satesaus-licht-pikant-33-kg\/#breadcrumb\",\"itemListElement\":[{\"@type\":\"ListItem\",\"position\":1,\"name\":\"Home\",\"item\":\"https:\/\/hela.nl\/\"},{\"@type\":\"ListItem\",\"position\":2,\"name\":\"Winkel\",\"item\":\"https:\/\/hela.nl\/en\/shop-2\/\"},{\"@type\":\"ListItem\",\"position\":3,\"name\":\"Hela Sat\u00e9saus licht pikant 3,3 kg\"}]},{\"@type\":\"WebSite\",\"@id\":\"https:\/\/hela.nl\/#website\",\"url\":\"https:\/\/hela.nl\/\",\"name\":\"Hela.nl | Hela Thissen B.V.\",\"description\":\"Voor Iedere Consument &amp; Foodprofessional\",\"publisher\":{\"@id\":\"https:\/\/hela.nl\/#organization\"},\"potentialAction\":[{\"@type\":\"SearchAction\",\"target\":{\"@type\":\"EntryPoint\",\"urlTemplate\":\"https:\/\/hela.nl\/?s={search_term_string}\"},\"query-input\":{\"@type\":\"PropertyValueSpecification\",\"valueRequired\":true,\"valueName\":\"search_term_string\"}}],\"inLanguage\":\"en-GB\"},{\"@type\":\"Organization\",\"@id\":\"https:\/\/hela.nl\/#organization\",\"name\":\"Hela\",\"url\":\"https:\/\/hela.nl\/\",\"logo\":{\"@type\":\"ImageObject\",\"inLanguage\":\"en-GB\",\"@id\":\"https:\/\/hela.nl\/#\/schema\/logo\/image\/\",\"url\":\"https:\/\/hela.nl\/wp-content\/uploads\/2022\/12\/BANNER-NAVI-antre.-logopng.png\",\"contentUrl\":\"https:\/\/hela.nl\/wp-content\/uploads\/2022\/12\/BANNER-NAVI-antre.-logopng.png\",\"width\":300,\"height\":73,\"caption\":\"Hela\"},\"image\":{\"@id\":\"https:\/\/hela.nl\/#\/schema\/logo\/image\/\"},\"sameAs\":[\"https:\/\/www.instagram.com\/hela_professional\/\"]}]}<\/script>\n<!-- \/ Yoast SEO plugin. -->","yoast_head_json":{"title":"Hela Satay sauce slightly spicy 3.3 kg - Hela.nl | Hela Thissen B.V.","description":"Hela Satay Sauce Light Spicy is a ready-to-use satay sauce made with peanuts, enriched with herbs and spices.","robots":{"index":"index","follow":"follow","max-snippet":"max-snippet:-1","max-image-preview":"max-image-preview:large","max-video-preview":"max-video-preview:-1"},"canonical":"https:\/\/hela.nl\/en\/product\/hela-satay-sauce-slightly-spicy-33-kg\/","og_locale":"en_GB","og_type":"article","og_title":"Hela Sat\u00e9saus licht pikant 3,3 kg - Hela.nl | Hela Thissen B.V.","og_description":"Hela Sat\u00e9saus Licht Pikant is een kant-en-klare sat\u00e9saus gemaakt met pinda\u2019s, verrijkt met kruiden en specerijen.","og_url":"https:\/\/hela.nl\/en\/product\/hela-satay-sauce-slightly-spicy-33-kg\/","og_site_name":"Hela.nl | Hela Thissen B.V.","article_modified_time":"2025-10-04T11:03:23+00:00","og_image":[{"width":1024,"height":1024,"url":"https:\/\/hela.nl\/wp-content\/uploads\/2023\/06\/hela-satesaus-licht-pikant-33-kg-1024x1024.png","type":"image\/png"}],"twitter_card":"summary_large_image","schema":{"@context":"https:\/\/schema.org","@graph":[{"@type":"WebPage","@id":"https:\/\/hela.nl\/product\/hela-satesaus-licht-pikant-33-kg\/","url":"https:\/\/hela.nl\/product\/hela-satesaus-licht-pikant-33-kg\/","name":"Hela Satay sauce slightly spicy 3.3 kg - Hela.nl | Hela Thissen B.V.","isPartOf":{"@id":"https:\/\/hela.nl\/#website"},"primaryImageOfPage":{"@id":"https:\/\/hela.nl\/product\/hela-satesaus-licht-pikant-33-kg\/#primaryimage"},"image":{"@id":"https:\/\/hela.nl\/product\/hela-satesaus-licht-pikant-33-kg\/#primaryimage"},"thumbnailUrl":"https:\/\/hela.nl\/wp-content\/uploads\/2023\/06\/hela-satesaus-licht-pikant-33-kg.png","datePublished":"2023-05-02T14:58:57+00:00","dateModified":"2025-10-04T11:03:23+00:00","description":"Hela Satay Sauce Light Spicy is a ready-to-use satay sauce made with peanuts, enriched with herbs and spices.","breadcrumb":{"@id":"https:\/\/hela.nl\/product\/hela-satesaus-licht-pikant-33-kg\/#breadcrumb"},"inLanguage":"en-GB","potentialAction":[{"@type":"ReadAction","target":["https:\/\/hela.nl\/product\/hela-satesaus-licht-pikant-33-kg\/"]}]},{"@type":"ImageObject","inLanguage":"en-GB","@id":"https:\/\/hela.nl\/product\/hela-satesaus-licht-pikant-33-kg\/#primaryimage","url":"https:\/\/hela.nl\/wp-content\/uploads\/2023\/06\/hela-satesaus-licht-pikant-33-kg.png","contentUrl":"https:\/\/hela.nl\/wp-content\/uploads\/2023\/06\/hela-satesaus-licht-pikant-33-kg.png","width":3000,"height":3000,"caption":"hela-satesaus-licht-pikant-33-kg.png"},{"@type":"BreadcrumbList","@id":"https:\/\/hela.nl\/product\/hela-satesaus-licht-pikant-33-kg\/#breadcrumb","itemListElement":[{"@type":"ListItem","position":1,"name":"Home","item":"https:\/\/hela.nl\/"},{"@type":"ListItem","position":2,"name":"Winkel","item":"https:\/\/hela.nl\/en\/shop-2\/"},{"@type":"ListItem","position":3,"name":"Hela Sat\u00e9saus licht pikant 3,3 kg"}]},{"@type":"WebSite","@id":"https:\/\/hela.nl\/#website","url":"https:\/\/hela.nl\/","name":"Hela.nl | Hela Thissen B.V.","description":"For Every Consumer &amp; Food Professional","publisher":{"@id":"https:\/\/hela.nl\/#organization"},"potentialAction":[{"@type":"SearchAction","target":{"@type":"EntryPoint","urlTemplate":"https:\/\/hela.nl\/?s={search_term_string}"},"query-input":{"@type":"PropertyValueSpecification","valueRequired":true,"valueName":"search_term_string"}}],"inLanguage":"en-GB"},{"@type":"Organization","@id":"https:\/\/hela.nl\/#organization","name":"Hela","url":"https:\/\/hela.nl\/","logo":{"@type":"ImageObject","inLanguage":"en-GB","@id":"https:\/\/hela.nl\/#\/schema\/logo\/image\/","url":"https:\/\/hela.nl\/wp-content\/uploads\/2022\/12\/BANNER-NAVI-antre.-logopng.png","contentUrl":"https:\/\/hela.nl\/wp-content\/uploads\/2022\/12\/BANNER-NAVI-antre.-logopng.png","width":300,"height":73,"caption":"Hela"},"image":{"@id":"https:\/\/hela.nl\/#\/schema\/logo\/image\/"},"sameAs":["https:\/\/www.instagram.com\/hela_professional\/"]}]}},"_links":{"self":[{"href":"https:\/\/hela.nl\/en\/wp-json\/wp\/v2\/product\/19440","targetHints":{"allow":["GET"]}}],"collection":[{"href":"https:\/\/hela.nl\/en\/wp-json\/wp\/v2\/product"}],"about":[{"href":"https:\/\/hela.nl\/en\/wp-json\/wp\/v2\/types\/product"}],"version-history":[{"count":0,"href":"https:\/\/hela.nl\/en\/wp-json\/wp\/v2\/product\/19440\/revisions"}],"wp:featuredmedia":[{"embeddable":true,"href":"https:\/\/hela.nl\/en\/wp-json\/wp\/v2\/media\/92226"}],"wp:attachment":[{"href":"https:\/\/hela.nl\/en\/wp-json\/wp\/v2\/media?parent=19440"}],"wp:term":[{"taxonomy":"product_brand","embeddable":true,"href":"https:\/\/hela.nl\/en\/wp-json\/wp\/v2\/product_brand?post=19440"},{"taxonomy":"product_cat","embeddable":true,"href":"https:\/\/hela.nl\/en\/wp-json\/wp\/v2\/product_cat?post=19440"},{"taxonomy":"product_tag","embeddable":true,"href":"https:\/\/hela.nl\/en\/wp-json\/wp\/v2\/product_tag?post=19440"}],"curies":[{"name":"wp","href":"https:\/\/api.w.org\/{rel}","templated":true}]}}