{"id":69272,"date":"2023-06-12T08:12:00","date_gmt":"2023-06-12T08:12:00","guid":{"rendered":"https:\/\/hela.nl\/?page_id=69272"},"modified":"2023-08-24T13:37:32","modified_gmt":"2023-08-24T13:37:32","slug":"home-nieuw","status":"publish","type":"page","link":"https:\/\/hela.nl\/fr\/home-nieuw\/","title":{"rendered":"home nieuw"},"content":{"rendered":"<div data-elementor-type=\"wp-page\" data-elementor-id=\"69272\" class=\"elementor elementor-69272\" data-elementor-post-type=\"page\">\n\t\t\t\t\t\t<section class=\"elementor-section elementor-top-section elementor-element elementor-element-c832915 elementor-section-height-min-height elementor-section-boxed elementor-section-height-default elementor-section-items-middle\" data-id=\"c832915\" data-element_type=\"section\" data-e-type=\"section\" data-settings=\"{&quot;background_background&quot;:&quot;classic&quot;}\">\n\t\t\t\t\t\t\t<div class=\"elementor-background-overlay\"><\/div>\n\t\t\t\t\t\t\t<div class=\"elementor-container elementor-column-gap-default\">\n\t\t\t\t\t<div class=\"elementor-column elementor-col-100 elementor-top-column elementor-element elementor-element-a2690fb\" data-id=\"a2690fb\" data-element_type=\"column\" data-e-type=\"column\">\n\t\t\t<div class=\"elementor-widget-wrap elementor-element-populated\">\n\t\t\t\t\t\t<div class=\"elementor-element elementor-element-a39578d elementor-widget elementor-widget-heading\" data-id=\"a39578d\" data-element_type=\"widget\" data-e-type=\"widget\" data-widget_type=\"heading.default\">\n\t\t\t\t\t<h2 class=\"elementor-heading-title elementor-size-default\">Hela, d\u00e9 smaakmaker<\/h2>\t\t\t\t<\/div>\n\t\t\t\t<div class=\"elementor-element elementor-element-6234b5b elementor-widget elementor-widget-heading\" data-id=\"6234b5b\" data-element_type=\"widget\" data-e-type=\"widget\" data-widget_type=\"heading.default\">\n\t\t\t\t\t<h2 class=\"elementor-heading-title elementor-size-default\">voor elke foorprofessional<\/h2>\t\t\t\t<\/div>\n\t\t\t\t\t<\/div>\n\t\t<\/div>\n\t\t\t\t\t<\/div>\n\t\t<\/section>\n\t\t\t\t<section class=\"elementor-section elementor-top-section elementor-element elementor-element-ef6dada elementor-section-height-min-height elementor-section-boxed elementor-section-height-default elementor-section-items-middle\" data-id=\"ef6dada\" data-element_type=\"section\" data-e-type=\"section\" data-settings=\"{&quot;background_background&quot;:&quot;classic&quot;}\">\n\t\t\t\t\t\t<div class=\"elementor-container elementor-column-gap-default\">\n\t\t\t\t\t<div class=\"elementor-column elementor-col-100 elementor-top-column elementor-element elementor-element-beaf552\" data-id=\"beaf552\" data-element_type=\"column\" data-e-type=\"column\">\n\t\t\t<div class=\"elementor-widget-wrap elementor-element-populated\">\n\t\t\t\t\t\t<div class=\"elementor-element elementor-element-d75e21f elementor-widget elementor-widget-heading\" data-id=\"d75e21f\" data-element_type=\"widget\" data-e-type=\"widget\" data-widget_type=\"heading.default\">\n\t\t\t\t\t<h2 class=\"elementor-heading-title elementor-size-default\">Over Hela<\/h2>\t\t\t\t<\/div>\n\t\t\t\t<div class=\"elementor-element elementor-element-3402dc7 elementor-widget elementor-widget-text-editor\" data-id=\"3402dc7\" data-element_type=\"widget\" data-e-type=\"widget\" data-widget_type=\"text-editor.default\">\n\t\t\t\t\t\t\t\t\t<p>Wij zijn Hela.<br \/>D\u00e9 smaakmaker die jouw eten elke dag n\u00f3g<br \/>lekkerder maakt. Met een assortiment vol sauzen,<br \/>dressings, marinades, kruiden &amp; specerijen voegen<br \/>wij smaak toe aan elk gerecht. Zodat jij overal en<br \/>op elk moment n\u00f3g meer kunt genieten van lekker<br \/>eten samen met de mensen om je heen.<\/p>\t\t\t\t\t\t\t\t<\/div>\n\t\t\t\t<div class=\"elementor-element elementor-element-c100cf6 elementor-align-right elementor-widget elementor-widget-button\" data-id=\"c100cf6\" data-element_type=\"widget\" data-e-type=\"widget\" data-widget_type=\"button.default\">\n\t\t\t\t\t\t\t\t\t\t<a class=\"elementor-button elementor-button-link elementor-size-sm\" href=\"#\">\n\t\t\t\t\t\t<span class=\"elementor-button-content-wrapper\">\n\t\t\t\t\t\t\t\t\t<span class=\"elementor-button-text\">Meer over Hela<\/span>\n\t\t\t\t\t<\/span>\n\t\t\t\t\t<\/a>\n\t\t\t\t\t\t\t\t<\/div>\n\t\t\t\t\t<\/div>\n\t\t<\/div>\n\t\t\t\t\t<\/div>\n\t\t<\/section>\n\t\t\t\t<section class=\"elementor-section elementor-top-section elementor-element elementor-element-4cc5bde elementor-section-height-min-height elementor-section-boxed elementor-section-height-default elementor-section-items-middle\" data-id=\"4cc5bde\" data-element_type=\"section\" data-e-type=\"section\" data-settings=\"{&quot;background_background&quot;:&quot;classic&quot;}\">\n\t\t\t\t\t\t<div class=\"elementor-container elementor-column-gap-default\">\n\t\t\t\t\t<div class=\"elementor-column elementor-col-100 elementor-top-column elementor-element elementor-element-8652883\" data-id=\"8652883\" data-element_type=\"column\" data-e-type=\"column\">\n\t\t\t<div class=\"elementor-widget-wrap elementor-element-populated\">\n\t\t\t\t\t\t<div class=\"elementor-element elementor-element-5df4356 elementor-widget elementor-widget-heading\" data-id=\"5df4356\" data-element_type=\"widget\" data-e-type=\"widget\" data-widget_type=\"heading.default\">\n\t\t\t\t\t<h2 class=\"elementor-heading-title elementor-size-default\">Ontdek ons ruime assortiment<\/h2>\t\t\t\t<\/div>\n\t\t\t\t<div class=\"elementor-element elementor-element-410c06c elementor-widget elementor-widget-text-editor\" data-id=\"410c06c\" data-element_type=\"widget\" data-e-type=\"widget\" data-widget_type=\"text-editor.default\">\n\t\t\t\t\t\t\t\t\t<p>Maak kennis met ons assortiment smaakmakers waarmee je elk gerecht n\u00f3g lekkerder maakt.<\/p><p>Met een uitgebreid assortiment aan sauzen, dressings en kruiden is Hela d\u00e9 smaakmaker voor de foodprofessional.<\/p>\t\t\t\t\t\t\t\t<\/div>\n\t\t\t\t<section class=\"elementor-section elementor-inner-section elementor-element elementor-element-538c1b8 elementor-section-boxed elementor-section-height-default elementor-section-height-default\" data-id=\"538c1b8\" data-element_type=\"section\" data-e-type=\"section\">\n\t\t\t\t\t\t<div class=\"elementor-container elementor-column-gap-default\">\n\t\t\t\t\t<div class=\"elementor-column elementor-col-20 elementor-inner-column elementor-element elementor-element-bd5d5c1\" data-id=\"bd5d5c1\" data-element_type=\"column\" data-e-type=\"column\" data-settings=\"{&quot;background_background&quot;:&quot;classic&quot;}\">\n\t\t\t<div class=\"elementor-widget-wrap elementor-element-populated\">\n\t\t\t\t\t<div class=\"elementor-background-overlay\"><\/div>\n\t\t\t\t\t\t<div class=\"elementor-element elementor-element-2c4e9eb elementor-widget elementor-widget-spacer\" data-id=\"2c4e9eb\" data-element_type=\"widget\" data-e-type=\"widget\" data-widget_type=\"spacer.default\">\n\t\t\t\t\t\t\t<div class=\"elementor-spacer\">\n\t\t\t<div class=\"elementor-spacer-inner\"><\/div>\n\t\t<\/div>\n\t\t\t\t\t\t<\/div>\n\t\t\t\t<div class=\"elementor-element elementor-element-78079e1 elementor-widget elementor-widget-heading\" data-id=\"78079e1\" data-element_type=\"widget\" data-e-type=\"widget\" data-widget_type=\"heading.default\">\n\t\t\t\t\t<h2 class=\"elementor-heading-title elementor-size-default\">Kruiden Ketchup Curry<\/h2>\t\t\t\t<\/div>\n\t\t\t\t\t<\/div>\n\t\t<\/div>\n\t\t\t\t<div class=\"elementor-column elementor-col-20 elementor-inner-column elementor-element elementor-element-ab5b349\" data-id=\"ab5b349\" data-element_type=\"column\" data-e-type=\"column\" data-settings=\"{&quot;background_background&quot;:&quot;classic&quot;}\">\n\t\t\t<div class=\"elementor-widget-wrap elementor-element-populated\">\n\t\t\t\t\t<div class=\"elementor-background-overlay\"><\/div>\n\t\t\t\t\t\t<div class=\"elementor-element elementor-element-ea6086b elementor-widget elementor-widget-spacer\" data-id=\"ea6086b\" data-element_type=\"widget\" data-e-type=\"widget\" data-widget_type=\"spacer.default\">\n\t\t\t\t\t\t\t<div class=\"elementor-spacer\">\n\t\t\t<div class=\"elementor-spacer-inner\"><\/div>\n\t\t<\/div>\n\t\t\t\t\t\t<\/div>\n\t\t\t\t<div class=\"elementor-element elementor-element-7777e26 elementor-widget__width-initial elementor-widget elementor-widget-heading\" data-id=\"7777e26\" data-element_type=\"widget\" data-e-type=\"widget\" data-widget_type=\"heading.default\">\n\t\t\t\t\t<h2 class=\"elementor-heading-title elementor-size-default\">Sauzen<\/h2>\t\t\t\t<\/div>\n\t\t\t\t\t<\/div>\n\t\t<\/div>\n\t\t\t\t<div class=\"elementor-column elementor-col-20 elementor-inner-column elementor-element elementor-element-e14e232\" data-id=\"e14e232\" data-element_type=\"column\" data-e-type=\"column\" data-settings=\"{&quot;background_background&quot;:&quot;classic&quot;}\">\n\t\t\t<div class=\"elementor-widget-wrap elementor-element-populated\">\n\t\t\t\t\t<div class=\"elementor-background-overlay\"><\/div>\n\t\t\t\t\t\t<div class=\"elementor-element elementor-element-c40af83 elementor-widget elementor-widget-spacer\" data-id=\"c40af83\" data-element_type=\"widget\" data-e-type=\"widget\" data-widget_type=\"spacer.default\">\n\t\t\t\t\t\t\t<div class=\"elementor-spacer\">\n\t\t\t<div class=\"elementor-spacer-inner\"><\/div>\n\t\t<\/div>\n\t\t\t\t\t\t<\/div>\n\t\t\t\t<div class=\"elementor-element elementor-element-32b8382 elementor-widget elementor-widget-heading\" data-id=\"32b8382\" data-element_type=\"widget\" data-e-type=\"widget\" data-widget_type=\"heading.default\">\n\t\t\t\t\t<h2 class=\"elementor-heading-title elementor-size-default\">Dressings<\/h2>\t\t\t\t<\/div>\n\t\t\t\t\t<\/div>\n\t\t<\/div>\n\t\t\t\t<div class=\"elementor-column elementor-col-20 elementor-inner-column elementor-element elementor-element-f993c24\" data-id=\"f993c24\" data-element_type=\"column\" data-e-type=\"column\" data-settings=\"{&quot;background_background&quot;:&quot;classic&quot;}\">\n\t\t\t<div class=\"elementor-widget-wrap elementor-element-populated\">\n\t\t\t\t\t<div class=\"elementor-background-overlay\"><\/div>\n\t\t\t\t\t\t<div class=\"elementor-element elementor-element-7a0f8be elementor-widget elementor-widget-spacer\" data-id=\"7a0f8be\" data-element_type=\"widget\" data-e-type=\"widget\" data-widget_type=\"spacer.default\">\n\t\t\t\t\t\t\t<div class=\"elementor-spacer\">\n\t\t\t<div class=\"elementor-spacer-inner\"><\/div>\n\t\t<\/div>\n\t\t\t\t\t\t<\/div>\n\t\t\t\t<div class=\"elementor-element elementor-element-9ef2623 elementor-widget elementor-widget-heading\" data-id=\"9ef2623\" data-element_type=\"widget\" data-e-type=\"widget\" data-widget_type=\"heading.default\">\n\t\t\t\t\t<h2 class=\"elementor-heading-title elementor-size-default\">Curry kruiden<\/h2>\t\t\t\t<\/div>\n\t\t\t\t\t<\/div>\n\t\t<\/div>\n\t\t\t\t<div class=\"elementor-column elementor-col-20 elementor-inner-column elementor-element elementor-element-8e2ec83\" data-id=\"8e2ec83\" data-element_type=\"column\" data-e-type=\"column\" data-settings=\"{&quot;background_background&quot;:&quot;classic&quot;}\">\n\t\t\t<div class=\"elementor-widget-wrap elementor-element-populated\">\n\t\t\t\t\t<div class=\"elementor-background-overlay\"><\/div>\n\t\t\t\t\t\t<div class=\"elementor-element elementor-element-34a8bf7 elementor-widget elementor-widget-spacer\" data-id=\"34a8bf7\" data-element_type=\"widget\" data-e-type=\"widget\" data-widget_type=\"spacer.default\">\n\t\t\t\t\t\t\t<div class=\"elementor-spacer\">\n\t\t\t<div class=\"elementor-spacer-inner\"><\/div>\n\t\t<\/div>\n\t\t\t\t\t\t<\/div>\n\t\t\t\t<div class=\"elementor-element elementor-element-0b7c0d6 elementor-widget elementor-widget-heading\" data-id=\"0b7c0d6\" data-element_type=\"widget\" data-e-type=\"widget\" data-widget_type=\"heading.default\">\n\t\t\t\t\t<h2 class=\"elementor-heading-title elementor-size-default\">Kruidenmixen<\/h2>\t\t\t\t<\/div>\n\t\t\t\t\t<\/div>\n\t\t<\/div>\n\t\t\t\t\t<\/div>\n\t\t<\/section>\n\t\t\t\t<div class=\"elementor-element elementor-element-97f9f51 elementor-align-center elementor-widget elementor-widget-button\" data-id=\"97f9f51\" data-element_type=\"widget\" data-e-type=\"widget\" data-widget_type=\"button.default\">\n\t\t\t\t\t\t\t\t\t\t<a class=\"elementor-button elementor-button-link elementor-size-sm\" href=\"#\">\n\t\t\t\t\t\t<span class=\"elementor-button-content-wrapper\">\n\t\t\t\t\t\t\t\t\t<span class=\"elementor-button-text\">Bekijk het gehele assortiment<\/span>\n\t\t\t\t\t<\/span>\n\t\t\t\t\t<\/a>\n\t\t\t\t\t\t\t\t<\/div>\n\t\t\t\t\t<\/div>\n\t\t<\/div>\n\t\t\t\t\t<\/div>\n\t\t<\/section>\n\t\t\t\t<\/div>","protected":false},"excerpt":{"rendered":"<p>Hela, d\u00e9 smaakmaker voor elke foorprofessional Over Hela Wij zijn Hela.D\u00e9 smaakmaker die jouw eten elke dag n\u00f3glekkerder maakt. Met een assortiment vol sauzen,dressings, marinades, kruiden &amp; specerijen voegenwij smaak toe aan elk gerecht. Zodat jij overal enop elk moment n\u00f3g meer kunt genieten van lekkereten samen met de mensen om je heen. Meer over [&hellip;]<\/p>\n","protected":false},"author":1,"featured_media":0,"parent":0,"menu_order":0,"comment_status":"closed","ping_status":"closed","template":"","meta":{"_acf_changed":false,"footnotes":""},"class_list":["post-69272","page","type-page","status-publish","hentry"],"acf":[],"yoast_head":"<!-- This site is optimized with the Yoast SEO plugin v27.2 - https:\/\/yoast.com\/product\/yoast-seo-wordpress\/ -->\n<title>home nieuw - Hela.nl | Hela Thissen B.V.<\/title>\n<meta name=\"description\" content=\"Hela, d\u00e9 smaakmaker voor elke foorprofessional Over Hela Wij zijn Hela.D\u00e9 smaakmaker die jouw eten elke dag n\u00f3glekkerder maakt. Met een assortiment vol\" \/>\n<meta name=\"robots\" content=\"index, follow, max-snippet:-1, max-image-preview:large, max-video-preview:-1\" \/>\n<link rel=\"canonical\" href=\"https:\/\/hela.nl\/fr\/home-nieuw\/\" \/>\n<meta property=\"og:locale\" content=\"fr_FR\" \/>\n<meta property=\"og:type\" content=\"article\" \/>\n<meta property=\"og:title\" content=\"home nieuw - Hela.nl | Hela Thissen B.V.\" \/>\n<meta property=\"og:description\" content=\"Hela, d\u00e9 smaakmaker voor elke foorprofessional Over Hela Wij zijn Hela.D\u00e9 smaakmaker die jouw eten elke dag n\u00f3glekkerder maakt. Met een assortiment vol\" \/>\n<meta property=\"og:url\" content=\"https:\/\/hela.nl\/fr\/home-nieuw\/\" \/>\n<meta property=\"og:site_name\" content=\"Hela.nl | Hela Thissen B.V.\" \/>\n<meta property=\"article:modified_time\" content=\"2023-08-24T13:37:32+00:00\" \/>\n<meta property=\"og:image\" content=\"https:\/\/hela.nl\/wp-content\/uploads\/2022\/12\/HelaLogo-White-Outline.png\" \/>\n\t<meta property=\"og:image:width\" content=\"229\" \/>\n\t<meta property=\"og:image:height\" content=\"157\" \/>\n\t<meta property=\"og:image:type\" content=\"image\/png\" \/>\n<meta name=\"twitter:card\" content=\"summary_large_image\" \/>\n<meta name=\"twitter:label1\" content=\"Dur\u00e9e de lecture estim\u00e9e\" \/>\n\t<meta name=\"twitter:data1\" content=\"1 minute\" \/>\n<script type=\"application\/ld+json\" class=\"yoast-schema-graph\">{\"@context\":\"https:\/\/schema.org\",\"@graph\":[{\"@type\":\"WebPage\",\"@id\":\"https:\/\/hela.nl\/home-nieuw\/\",\"url\":\"https:\/\/hela.nl\/home-nieuw\/\",\"name\":\"home nieuw - Hela.nl | Hela Thissen B.V.\",\"isPartOf\":{\"@id\":\"https:\/\/hela.nl\/#website\"},\"datePublished\":\"2023-06-12T08:12:00+00:00\",\"dateModified\":\"2023-08-24T13:37:32+00:00\",\"description\":\"Hela, d\u00e9 smaakmaker voor elke foorprofessional Over Hela Wij zijn Hela.D\u00e9 smaakmaker die jouw eten elke dag n\u00f3glekkerder maakt. Met een assortiment vol\",\"breadcrumb\":{\"@id\":\"https:\/\/hela.nl\/home-nieuw\/#breadcrumb\"},\"inLanguage\":\"fr-FR\",\"potentialAction\":[{\"@type\":\"ReadAction\",\"target\":[\"https:\/\/hela.nl\/home-nieuw\/\"]}]},{\"@type\":\"BreadcrumbList\",\"@id\":\"https:\/\/hela.nl\/home-nieuw\/#breadcrumb\",\"itemListElement\":[{\"@type\":\"ListItem\",\"position\":1,\"name\":\"Home\",\"item\":\"https:\/\/hela.nl\/\"},{\"@type\":\"ListItem\",\"position\":2,\"name\":\"home nieuw\"}]},{\"@type\":\"WebSite\",\"@id\":\"https:\/\/hela.nl\/#website\",\"url\":\"https:\/\/hela.nl\/\",\"name\":\"Hela.nl | Hela Thissen B.V.\",\"description\":\"Voor Iedere Consument &amp; Foodprofessional\",\"publisher\":{\"@id\":\"https:\/\/hela.nl\/#organization\"},\"potentialAction\":[{\"@type\":\"SearchAction\",\"target\":{\"@type\":\"EntryPoint\",\"urlTemplate\":\"https:\/\/hela.nl\/?s={search_term_string}\"},\"query-input\":{\"@type\":\"PropertyValueSpecification\",\"valueRequired\":true,\"valueName\":\"search_term_string\"}}],\"inLanguage\":\"fr-FR\"},{\"@type\":\"Organization\",\"@id\":\"https:\/\/hela.nl\/#organization\",\"name\":\"Hela\",\"url\":\"https:\/\/hela.nl\/\",\"logo\":{\"@type\":\"ImageObject\",\"inLanguage\":\"fr-FR\",\"@id\":\"https:\/\/hela.nl\/#\/schema\/logo\/image\/\",\"url\":\"https:\/\/hela.nl\/wp-content\/uploads\/2022\/12\/BANNER-NAVI-antre.-logopng.png\",\"contentUrl\":\"https:\/\/hela.nl\/wp-content\/uploads\/2022\/12\/BANNER-NAVI-antre.-logopng.png\",\"width\":300,\"height\":73,\"caption\":\"Hela\"},\"image\":{\"@id\":\"https:\/\/hela.nl\/#\/schema\/logo\/image\/\"},\"sameAs\":[\"https:\/\/www.instagram.com\/hela_professional\/\"]}]}<\/script>\n<!-- \/ Yoast SEO plugin. -->","yoast_head_json":{"title":"home nieuw - Hela.nl | Hela Thissen B.V.","description":"Hela, d\u00e9 smaakmaker voor elke foorprofessional Over Hela Wij zijn Hela.D\u00e9 smaakmaker die jouw eten elke dag n\u00f3glekkerder maakt. Met een assortiment vol","robots":{"index":"index","follow":"follow","max-snippet":"max-snippet:-1","max-image-preview":"max-image-preview:large","max-video-preview":"max-video-preview:-1"},"canonical":"https:\/\/hela.nl\/fr\/home-nieuw\/","og_locale":"fr_FR","og_type":"article","og_title":"home nieuw - Hela.nl | Hela Thissen B.V.","og_description":"Hela, d\u00e9 smaakmaker voor elke foorprofessional Over Hela Wij zijn Hela.D\u00e9 smaakmaker die jouw eten elke dag n\u00f3glekkerder maakt. Met een assortiment vol","og_url":"https:\/\/hela.nl\/fr\/home-nieuw\/","og_site_name":"Hela.nl | Hela Thissen B.V.","article_modified_time":"2023-08-24T13:37:32+00:00","og_image":[{"width":229,"height":157,"url":"https:\/\/hela.nl\/wp-content\/uploads\/2022\/12\/HelaLogo-White-Outline.png","type":"image\/png"}],"twitter_card":"summary_large_image","twitter_misc":{"Dur\u00e9e de lecture estim\u00e9e":"1 minute"},"schema":{"@context":"https:\/\/schema.org","@graph":[{"@type":"WebPage","@id":"https:\/\/hela.nl\/home-nieuw\/","url":"https:\/\/hela.nl\/home-nieuw\/","name":"home nieuw - Hela.nl | Hela Thissen B.V.","isPartOf":{"@id":"https:\/\/hela.nl\/#website"},"datePublished":"2023-06-12T08:12:00+00:00","dateModified":"2023-08-24T13:37:32+00:00","description":"Hela, d\u00e9 smaakmaker voor elke foorprofessional Over Hela Wij zijn Hela.D\u00e9 smaakmaker die jouw eten elke dag n\u00f3glekkerder maakt. Met een assortiment vol","breadcrumb":{"@id":"https:\/\/hela.nl\/home-nieuw\/#breadcrumb"},"inLanguage":"fr-FR","potentialAction":[{"@type":"ReadAction","target":["https:\/\/hela.nl\/home-nieuw\/"]}]},{"@type":"BreadcrumbList","@id":"https:\/\/hela.nl\/home-nieuw\/#breadcrumb","itemListElement":[{"@type":"ListItem","position":1,"name":"Home","item":"https:\/\/hela.nl\/"},{"@type":"ListItem","position":2,"name":"home nieuw"}]},{"@type":"WebSite","@id":"https:\/\/hela.nl\/#website","url":"https:\/\/hela.nl\/","name":"Hela.nl | Hela Thissen B.V.","description":"Voor Iedere Consument &amp; Foodprofessional","publisher":{"@id":"https:\/\/hela.nl\/#organization"},"potentialAction":[{"@type":"SearchAction","target":{"@type":"EntryPoint","urlTemplate":"https:\/\/hela.nl\/?s={search_term_string}"},"query-input":{"@type":"PropertyValueSpecification","valueRequired":true,"valueName":"search_term_string"}}],"inLanguage":"fr-FR"},{"@type":"Organization","@id":"https:\/\/hela.nl\/#organization","name":"Hela","url":"https:\/\/hela.nl\/","logo":{"@type":"ImageObject","inLanguage":"fr-FR","@id":"https:\/\/hela.nl\/#\/schema\/logo\/image\/","url":"https:\/\/hela.nl\/wp-content\/uploads\/2022\/12\/BANNER-NAVI-antre.-logopng.png","contentUrl":"https:\/\/hela.nl\/wp-content\/uploads\/2022\/12\/BANNER-NAVI-antre.-logopng.png","width":300,"height":73,"caption":"Hela"},"image":{"@id":"https:\/\/hela.nl\/#\/schema\/logo\/image\/"},"sameAs":["https:\/\/www.instagram.com\/hela_professional\/"]}]}},"_links":{"self":[{"href":"https:\/\/hela.nl\/fr\/wp-json\/wp\/v2\/pages\/69272","targetHints":{"allow":["GET"]}}],"collection":[{"href":"https:\/\/hela.nl\/fr\/wp-json\/wp\/v2\/pages"}],"about":[{"href":"https:\/\/hela.nl\/fr\/wp-json\/wp\/v2\/types\/page"}],"author":[{"embeddable":true,"href":"https:\/\/hela.nl\/fr\/wp-json\/wp\/v2\/users\/1"}],"replies":[{"embeddable":true,"href":"https:\/\/hela.nl\/fr\/wp-json\/wp\/v2\/comments?post=69272"}],"version-history":[{"count":0,"href":"https:\/\/hela.nl\/fr\/wp-json\/wp\/v2\/pages\/69272\/revisions"}],"wp:attachment":[{"href":"https:\/\/hela.nl\/fr\/wp-json\/wp\/v2\/media?parent=69272"}],"curies":[{"name":"wp","href":"https:\/\/api.w.org\/{rel}","templated":true}]}}