{"id":866854,"date":"2025-03-06T14:43:18","date_gmt":"2025-03-06T13:43:18","guid":{"rendered":"https:\/\/hela.nl\/?page_id=866854"},"modified":"2026-03-30T11:20:54","modified_gmt":"2026-03-30T09:20:54","slug":"contact","status":"publish","type":"page","link":"https:\/\/hela.nl\/fr\/consument\/contact\/","title":{"rendered":"Contact"},"content":{"rendered":"\t\t<div data-elementor-type=\"wp-page\" data-elementor-id=\"866854\" class=\"elementor elementor-866854\" data-elementor-post-type=\"page\">\n\t\t\t\t<div class=\"elementor-element elementor-element-51359d77 e-con-full e-flex e-con e-parent\" data-id=\"51359d77\" data-element_type=\"container\" data-e-type=\"container\" data-settings=\"{&quot;background_background&quot;:&quot;classic&quot;}\">\n\t\t\t\t<div class=\"elementor-element elementor-element-3764f9e8 elementor-widget__width-initial elementor-widget elementor-widget-icon-box\" data-id=\"3764f9e8\" data-element_type=\"widget\" data-e-type=\"widget\" data-widget_type=\"icon-box.default\">\n\t\t\t\t\t\t\t<div class=\"elementor-icon-box-wrapper\">\n\n\t\t\t\n\t\t\t\t\t\t<div class=\"elementor-icon-box-content\">\n\n\t\t\t\t\t\t\t\t\t<h2 class=\"elementor-icon-box-title\">\n\t\t\t\t\t\t<span  >\n\t\t\t\t\t\t\tNeem contact met ons op.\t\t\t\t\t\t<\/span>\n\t\t\t\t\t<\/h2>\n\t\t\t\t\n\t\t\t\t\t\t\t\t\t<p class=\"elementor-icon-box-description\">\n\t\t\t\t\t\tWe proberen je bericht zo snel mogelijk te beantwoorden.\t\t\t\t\t<\/p>\n\t\t\t\t\n\t\t\t<\/div>\n\t\t\t\n\t\t<\/div>\n\t\t\t\t\t\t<\/div>\n\t\t<div class=\"elementor-element elementor-element-467cfa97 e-con-full e-flex e-con e-child\" data-id=\"467cfa97\" data-element_type=\"container\" data-e-type=\"container\">\n\t\t<div class=\"elementor-element elementor-element-2d40925a e-con-full e-flex e-con e-child\" data-id=\"2d40925a\" data-element_type=\"container\" data-e-type=\"container\">\n\t\t\t\t<div class=\"elementor-element elementor-element-5f05077f e-grid-align-left e-grid-align-mobile-center elementor-shape-rounded elementor-grid-0 elementor-widget elementor-widget-social-icons\" data-id=\"5f05077f\" data-element_type=\"widget\" data-e-type=\"widget\" data-widget_type=\"social-icons.default\">\n\t\t\t\t\t\t\t<div class=\"elementor-social-icons-wrapper elementor-grid\" role=\"list\">\n\t\t\t\t\t\t\t<span class=\"elementor-grid-item\" role=\"listitem\">\n\t\t\t\t\t<a class=\"elementor-icon elementor-social-icon elementor-social-icon-facebook elementor-animation-grow elementor-repeater-item-4249038\" href=\"https:\/\/www.facebook.com\/helaoriginal\/\" target=\"_blank\">\n\t\t\t\t\t\t<span class=\"elementor-screen-only\">Facebook<\/span>\n\t\t\t\t\t\t<i aria-hidden=\"true\" class=\"fab fa-facebook\"><\/i>\t\t\t\t\t<\/a>\n\t\t\t\t<\/span>\n\t\t\t\t\t\t\t<span class=\"elementor-grid-item\" role=\"listitem\">\n\t\t\t\t\t<a class=\"elementor-icon elementor-social-icon elementor-social-icon-instagram elementor-animation-grow elementor-repeater-item-4a72836\" href=\"https:\/\/www.instagram.com\/hela_original\/%20\" target=\"_blank\">\n\t\t\t\t\t\t<span class=\"elementor-screen-only\">Instagram<\/span>\n\t\t\t\t\t\t<i aria-hidden=\"true\" class=\"fab fa-instagram\"><\/i>\t\t\t\t\t<\/a>\n\t\t\t\t<\/span>\n\t\t\t\t\t\t\t<span class=\"elementor-grid-item\" role=\"listitem\">\n\t\t\t\t\t<a class=\"elementor-icon elementor-social-icon elementor-social-icon-tiktok elementor-animation-grow elementor-repeater-item-d83e8d3\" href=\"https:\/\/www.tiktok.com\/@hela_original\" target=\"_blank\">\n\t\t\t\t\t\t<span class=\"elementor-screen-only\">Tiktok<\/span>\n\t\t\t\t\t\t<i aria-hidden=\"true\" class=\"fab fa-tiktok\"><\/i>\t\t\t\t\t<\/a>\n\t\t\t\t<\/span>\n\t\t\t\t\t<\/div>\n\t\t\t\t\t\t<\/div>\n\t\t\t\t<div class=\"elementor-element elementor-element-20f13afd elementor-widget elementor-widget-icon-box\" data-id=\"20f13afd\" data-element_type=\"widget\" data-e-type=\"widget\" data-widget_type=\"icon-box.default\">\n\t\t\t\t\t\t\t<div class=\"elementor-icon-box-wrapper\">\n\n\t\t\t\n\t\t\t\t\t\t<div class=\"elementor-icon-box-content\">\n\n\t\t\t\t\t\t\t\t\t<h3 class=\"elementor-icon-box-title\">\n\t\t\t\t\t\t<span  >\n\t\t\t\t\t\t\tPostadres Hela Thissen B.V.\t\t\t\t\t\t<\/span>\n\t\t\t\t\t<\/h3>\n\t\t\t\t\n\t\t\t\t\t\t\t\t\t<p class=\"elementor-icon-box-description\">\n\t\t\t\t\t\tPostbus 722<br>\n5900 AS Venlo\t\t\t\t\t<\/p>\n\t\t\t\t\n\t\t\t<\/div>\n\t\t\t\n\t\t<\/div>\n\t\t\t\t\t\t<\/div>\n\t\t\t\t<div class=\"elementor-element elementor-element-a377a71 elementor-widget elementor-widget-icon-box\" data-id=\"a377a71\" data-element_type=\"widget\" data-e-type=\"widget\" data-widget_type=\"icon-box.default\">\n\t\t\t\t\t\t\t<div class=\"elementor-icon-box-wrapper\">\n\n\t\t\t\n\t\t\t\t\t\t<div class=\"elementor-icon-box-content\">\n\n\t\t\t\t\t\t\t\t\t<h3 class=\"elementor-icon-box-title\">\n\t\t\t\t\t\t<span  >\n\t\t\t\t\t\t\tBezoekadres Hela Thissen B.V.\t\t\t\t\t\t<\/span>\n\t\t\t\t\t<\/h3>\n\t\t\t\t\n\t\t\t\t\t\t\t\t\t<p class=\"elementor-icon-box-description\">\n\t\t\t\t\t\tMagalhaesweg 1<br>\n5928 LN Venlo<br>\nNederland<br>\n+31 (0)77 - 320 42 04 \t\t\t\t\t<\/p>\n\t\t\t\t\n\t\t\t<\/div>\n\t\t\t\n\t\t<\/div>\n\t\t\t\t\t\t<\/div>\n\t\t\t\t<div class=\"elementor-element elementor-element-aa20a23 elementor-widget elementor-widget-icon-box\" data-id=\"aa20a23\" data-element_type=\"widget\" data-e-type=\"widget\" data-widget_type=\"icon-box.default\">\n\t\t\t\t\t\t\t<div class=\"elementor-icon-box-wrapper\">\n\n\t\t\t\n\t\t\t\t\t\t<div class=\"elementor-icon-box-content\">\n\n\t\t\t\t\t\t\t\t\t<h3 class=\"elementor-icon-box-title\">\n\t\t\t\t\t\t<span  >\n\t\t\t\t\t\t\tBezoekadres Hela Shop Venlo\t\t\t\t\t\t<\/span>\n\t\t\t\t\t<\/h3>\n\t\t\t\t\n\t\t\t\t\t\t\t\t\t<p class=\"elementor-icon-box-description\">\n\t\t\t\t\t\tParade 84<br>\n5911 CE Venlo<br>\n+31 (0)77- 374 51 86\t\t\t\t\t<\/p>\n\t\t\t\t\n\t\t\t<\/div>\n\t\t\t\n\t\t<\/div>\n\t\t\t\t\t\t<\/div>\n\t\t\t\t<div class=\"elementor-element elementor-element-db38f9e elementor-widget elementor-widget-icon-box\" data-id=\"db38f9e\" data-element_type=\"widget\" data-e-type=\"widget\" data-widget_type=\"icon-box.default\">\n\t\t\t\t\t\t\t<div class=\"elementor-icon-box-wrapper\">\n\n\t\t\t\n\t\t\t\t\t\t<div class=\"elementor-icon-box-content\">\n\n\t\t\t\t\t\t\t\t\t<h3 class=\"elementor-icon-box-title\">\n\t\t\t\t\t\t<span  >\n\t\t\t\t\t\t\tOpeningstijden Hela Shop Venlo:\t\t\t\t\t\t<\/span>\n\t\t\t\t\t<\/h3>\n\t\t\t\t\n\t\t\t\t\t\t\t\t\t<p class=\"elementor-icon-box-description\">\n\t\t\t\t\t\tKijk op Google voor de actuele openingstijden i.v.m. vakanties en andere dagen dat we gesloten zijn buiten de reguliere openingstijden. \n<br>\n<br>\nMa: Gesloten <br>\nDi-Vrij: 10:30 - 17.30 u<br>\nZa: 09:30 - 16:30 u<br>\nZo: Gesloten<br>\n<br>\nOnze webshop is 24\/7 geopend. Kijk op www.helashop.nl voor het assortiment! \t\t\t\t\t<\/p>\n\t\t\t\t\n\t\t\t<\/div>\n\t\t\t\n\t\t<\/div>\n\t\t\t\t\t\t<\/div>\n\t\t\t\t<\/div>\n\t\t<div class=\"elementor-element elementor-element-1b808e5f e-con-full e-flex e-con e-child\" data-id=\"1b808e5f\" data-element_type=\"container\" data-e-type=\"container\">\n\t\t\t\t<div class=\"elementor-element elementor-element-62f69483 elementor-button-align-end elementor-mobile-button-align-stretch elementor-widget elementor-widget-form\" data-id=\"62f69483\" data-element_type=\"widget\" data-e-type=\"widget\" data-settings=\"{&quot;step_next_label&quot;:&quot;Next&quot;,&quot;step_previous_label&quot;:&quot;Previous&quot;,&quot;button_width&quot;:&quot;100&quot;,&quot;step_type&quot;:&quot;number_text&quot;,&quot;step_icon_shape&quot;:&quot;circle&quot;}\" data-widget_type=\"form.default\">\n\t\t\t\t\t\t\t<form class=\"elementor-form\" method=\"post\" name=\"Consument_form\" aria-label=\"Consument_form\">\n\t\t\t<input type=\"hidden\" name=\"post_id\" value=\"866854\"\/>\n\t\t\t<input type=\"hidden\" name=\"form_id\" value=\"62f69483\"\/>\n\t\t\t<input type=\"hidden\" name=\"referer_title\" value=\"Hela.nl | Hela Thissen B.V.\" \/>\n\n\t\t\t\n\t\t\t<div class=\"elementor-form-fields-wrapper elementor-labels-\">\n\t\t\t\t\t\t\t\t<div class=\"elementor-field-type-text elementor-field-group elementor-column elementor-field-group-name elementor-col-50\">\n\t\t\t\t\t\t\t\t\t\t\t\t<label for=\"form-field-name\" class=\"elementor-field-label elementor-screen-only\">\n\t\t\t\t\t\t\t\tFirst Name\t\t\t\t\t\t\t<\/label>\n\t\t\t\t\t\t\t\t\t\t\t\t\t\t<input size=\"1\" type=\"text\" name=\"form_fields[name]\" id=\"form-field-name\" class=\"elementor-field elementor-size-sm  elementor-field-textual\" placeholder=\"Voornaam\">\n\t\t\t\t\t\t\t\t\t\t\t<\/div>\n\t\t\t\t\t\t\t\t<div class=\"elementor-field-type-text elementor-field-group elementor-column elementor-field-group-field_5e63ec7 elementor-col-50\">\n\t\t\t\t\t\t\t\t\t\t\t\t<label for=\"form-field-field_5e63ec7\" class=\"elementor-field-label elementor-screen-only\">\n\t\t\t\t\t\t\t\tLast Name\t\t\t\t\t\t\t<\/label>\n\t\t\t\t\t\t\t\t\t\t\t\t\t\t<input size=\"1\" type=\"text\" name=\"form_fields[field_5e63ec7]\" id=\"form-field-field_5e63ec7\" class=\"elementor-field elementor-size-sm  elementor-field-textual\" placeholder=\"Achternaam\">\n\t\t\t\t\t\t\t\t\t\t\t<\/div>\n\t\t\t\t\t\t\t\t<div class=\"elementor-field-type-tel elementor-field-group elementor-column elementor-field-group-field_f5f1e1b elementor-col-50\">\n\t\t\t\t\t\t\t\t\t\t\t\t<label for=\"form-field-field_f5f1e1b\" class=\"elementor-field-label elementor-screen-only\">\n\t\t\t\t\t\t\t\tTelefoon\t\t\t\t\t\t\t<\/label>\n\t\t\t\t\t\t\t\t<input size=\"1\" type=\"tel\" name=\"form_fields[field_f5f1e1b]\" id=\"form-field-field_f5f1e1b\" class=\"elementor-field elementor-size-sm  elementor-field-textual\" placeholder=\"Telefoon\" pattern=\"[0-9()#&amp;+*-=.]+\" title=\"Seuls les caract\u00e8res de num\u00e9ros de t\u00e9l\u00e9phone (#, -, *, etc.) sont accept\u00e9s.\">\n\n\t\t\t\t\t\t<\/div>\n\t\t\t\t\t\t\t\t<div class=\"elementor-field-type-email elementor-field-group elementor-column elementor-field-group-email elementor-col-50 elementor-field-required\">\n\t\t\t\t\t\t\t\t\t\t\t\t<label for=\"form-field-email\" class=\"elementor-field-label elementor-screen-only\">\n\t\t\t\t\t\t\t\tEmail\t\t\t\t\t\t\t<\/label>\n\t\t\t\t\t\t\t\t\t\t\t\t\t\t<input size=\"1\" type=\"email\" name=\"form_fields[email]\" id=\"form-field-email\" class=\"elementor-field elementor-size-sm  elementor-field-textual\" placeholder=\"Email\" required=\"required\">\n\t\t\t\t\t\t\t\t\t\t\t<\/div>\n\t\t\t\t\t\t\t\t<div class=\"elementor-field-type-textarea elementor-field-group elementor-column elementor-field-group-message elementor-col-100\">\n\t\t\t\t\t\t\t\t\t\t\t\t<label for=\"form-field-message\" class=\"elementor-field-label elementor-screen-only\">\n\t\t\t\t\t\t\t\tMessage\t\t\t\t\t\t\t<\/label>\n\t\t\t\t\t\t<textarea class=\"elementor-field-textual elementor-field  elementor-size-sm\" name=\"form_fields[message]\" id=\"form-field-message\" rows=\"4\" placeholder=\"Vraag \/Opmerking\"><\/textarea>\t\t\t\t<\/div>\n\t\t\t\t\t\t\t\t<div class=\"elementor-field-type-recaptcha_v3 elementor-field-group elementor-column elementor-field-group-field_300a37b elementor-col-100 recaptcha_v3-bottomright\">\n\t\t\t\t\t<div class=\"elementor-field\" id=\"form-field-field_300a37b\"><div class=\"elementor-g-recaptcha\" data-sitekey=\"6Ldj-J0sAAAAACD_IwddK14wlJ_ZjDZ_cTCfsvSP\" data-type=\"v3\" data-action=\"Form\" data-badge=\"bottomright\" data-size=\"invisible\"><\/div><\/div>\t\t\t\t<\/div>\n\t\t\t\t\t\t\t\t<div class=\"elementor-field-group elementor-column elementor-field-type-submit elementor-col-100 e-form__buttons\">\n\t\t\t\t\t<button class=\"elementor-button elementor-size-md elementor-animation-grow\" type=\"submit\">\n\t\t\t\t\t\t<span class=\"elementor-button-content-wrapper\">\n\t\t\t\t\t\t\t\t\t\t\t\t\t\t\t\t\t\t\t\t\t\t<span class=\"elementor-button-text\">Verzenden<\/span>\n\t\t\t\t\t\t\t\t\t\t\t\t\t<\/span>\n\t\t\t\t\t<\/button>\n\t\t\t\t<\/div>\n\t\t\t<\/div>\n\t\t<\/form>\n\t\t\t\t\t\t<\/div>\n\t\t\t\t<\/div>\n\t\t\t\t<\/div>\n\t\t\t\t<\/div>\n\t\t\t\t<\/div>\n\t\t","protected":false},"excerpt":{"rendered":"<p>Neem contact met ons op. We proberen je bericht zo snel mogelijk te beantwoorden. Facebook Instagram Tiktok Postadres Hela Thissen B.V. Postbus 722 5900 AS Venlo Bezoekadres Hela Thissen B.V. Magalhaesweg 1 5928 LN Venlo Nederland +31 (0)77 &#8211; 320 42 04 Bezoekadres Hela Shop Venlo Parade 84 5911 CE Venlo +31 (0)77- 374 51 [&hellip;]<\/p>\n","protected":false},"author":1,"featured_media":0,"parent":833754,"menu_order":0,"comment_status":"closed","ping_status":"closed","template":"","meta":{"_acf_changed":false,"footnotes":""},"class_list":["post-866854","page","type-page","status-publish","hentry"],"acf":[],"yoast_head":"<!-- This site is optimized with the Yoast SEO plugin v27.2 - https:\/\/yoast.com\/product\/yoast-seo-wordpress\/ -->\n<title>Contact - Hela.nl | Hela Thissen B.V.<\/title>\n<meta name=\"description\" content=\"Neem contact met ons op. We proberen je bericht zo snel mogelijk te beantwoorden. Facebook Instagram Tiktok Postadres Hela Thissen B.V. Postbus 722 5900\" \/>\n<meta name=\"robots\" content=\"index, follow, max-snippet:-1, max-image-preview:large, max-video-preview:-1\" \/>\n<link rel=\"canonical\" href=\"https:\/\/hela.nl\/fr\/consument\/contact\/\" \/>\n<meta property=\"og:locale\" content=\"fr_FR\" \/>\n<meta property=\"og:type\" content=\"article\" \/>\n<meta property=\"og:title\" content=\"Contact - Hela.nl | Hela Thissen B.V.\" \/>\n<meta property=\"og:description\" content=\"Neem contact met ons op. We proberen je bericht zo snel mogelijk te beantwoorden. Facebook Instagram Tiktok Postadres Hela Thissen B.V. Postbus 722 5900\" \/>\n<meta property=\"og:url\" content=\"https:\/\/hela.nl\/fr\/consument\/contact\/\" \/>\n<meta property=\"og:site_name\" content=\"Hela.nl | Hela Thissen B.V.\" \/>\n<meta property=\"article:modified_time\" content=\"2026-03-30T09:20:54+00:00\" \/>\n<meta property=\"og:image\" content=\"https:\/\/hela.nl\/wp-content\/uploads\/2022\/12\/HelaLogo-White-Outline.png\" \/>\n\t<meta property=\"og:image:width\" content=\"229\" \/>\n\t<meta property=\"og:image:height\" content=\"157\" \/>\n\t<meta property=\"og:image:type\" content=\"image\/png\" \/>\n<meta name=\"twitter:card\" content=\"summary_large_image\" \/>\n<meta name=\"twitter:label1\" content=\"Dur\u00e9e de lecture estim\u00e9e\" \/>\n\t<meta name=\"twitter:data1\" content=\"1 minute\" \/>\n<script type=\"application\/ld+json\" class=\"yoast-schema-graph\">{\"@context\":\"https:\/\/schema.org\",\"@graph\":[{\"@type\":\"WebPage\",\"@id\":\"https:\/\/hela.nl\/consument\/contact\/\",\"url\":\"https:\/\/hela.nl\/consument\/contact\/\",\"name\":\"Contact - Hela.nl | Hela Thissen B.V.\",\"isPartOf\":{\"@id\":\"https:\/\/hela.nl\/#website\"},\"datePublished\":\"2025-03-06T13:43:18+00:00\",\"dateModified\":\"2026-03-30T09:20:54+00:00\",\"description\":\"Neem contact met ons op. We proberen je bericht zo snel mogelijk te beantwoorden. Facebook Instagram Tiktok Postadres Hela Thissen B.V. Postbus 722 5900\",\"breadcrumb\":{\"@id\":\"https:\/\/hela.nl\/consument\/contact\/#breadcrumb\"},\"inLanguage\":\"fr-FR\",\"potentialAction\":[{\"@type\":\"ReadAction\",\"target\":[\"https:\/\/hela.nl\/consument\/contact\/\"]}]},{\"@type\":\"BreadcrumbList\",\"@id\":\"https:\/\/hela.nl\/consument\/contact\/#breadcrumb\",\"itemListElement\":[{\"@type\":\"ListItem\",\"position\":1,\"name\":\"Home\",\"item\":\"https:\/\/hela.nl\/\"},{\"@type\":\"ListItem\",\"position\":2,\"name\":\"Consument\",\"item\":\"https:\/\/hela.nl\/\"},{\"@type\":\"ListItem\",\"position\":3,\"name\":\"Contact\"}]},{\"@type\":\"WebSite\",\"@id\":\"https:\/\/hela.nl\/#website\",\"url\":\"https:\/\/hela.nl\/\",\"name\":\"Hela.nl | Hela Thissen B.V.\",\"description\":\"Voor Iedere Consument &amp; Foodprofessional\",\"publisher\":{\"@id\":\"https:\/\/hela.nl\/#organization\"},\"potentialAction\":[{\"@type\":\"SearchAction\",\"target\":{\"@type\":\"EntryPoint\",\"urlTemplate\":\"https:\/\/hela.nl\/?s={search_term_string}\"},\"query-input\":{\"@type\":\"PropertyValueSpecification\",\"valueRequired\":true,\"valueName\":\"search_term_string\"}}],\"inLanguage\":\"fr-FR\"},{\"@type\":\"Organization\",\"@id\":\"https:\/\/hela.nl\/#organization\",\"name\":\"Hela\",\"url\":\"https:\/\/hela.nl\/\",\"logo\":{\"@type\":\"ImageObject\",\"inLanguage\":\"fr-FR\",\"@id\":\"https:\/\/hela.nl\/#\/schema\/logo\/image\/\",\"url\":\"https:\/\/hela.nl\/wp-content\/uploads\/2022\/12\/BANNER-NAVI-antre.-logopng.png\",\"contentUrl\":\"https:\/\/hela.nl\/wp-content\/uploads\/2022\/12\/BANNER-NAVI-antre.-logopng.png\",\"width\":300,\"height\":73,\"caption\":\"Hela\"},\"image\":{\"@id\":\"https:\/\/hela.nl\/#\/schema\/logo\/image\/\"},\"sameAs\":[\"https:\/\/www.instagram.com\/hela_professional\/\"]}]}<\/script>\n<!-- \/ Yoast SEO plugin. -->","yoast_head_json":{"title":"Contact - Hela.nl | Hela Thissen B.V.","description":"Neem contact met ons op. We proberen je bericht zo snel mogelijk te beantwoorden. Facebook Instagram Tiktok Postadres Hela Thissen B.V. Postbus 722 5900","robots":{"index":"index","follow":"follow","max-snippet":"max-snippet:-1","max-image-preview":"max-image-preview:large","max-video-preview":"max-video-preview:-1"},"canonical":"https:\/\/hela.nl\/fr\/consument\/contact\/","og_locale":"fr_FR","og_type":"article","og_title":"Contact - Hela.nl | Hela Thissen B.V.","og_description":"Neem contact met ons op. We proberen je bericht zo snel mogelijk te beantwoorden. Facebook Instagram Tiktok Postadres Hela Thissen B.V. Postbus 722 5900","og_url":"https:\/\/hela.nl\/fr\/consument\/contact\/","og_site_name":"Hela.nl | Hela Thissen B.V.","article_modified_time":"2026-03-30T09:20:54+00:00","og_image":[{"width":229,"height":157,"url":"https:\/\/hela.nl\/wp-content\/uploads\/2022\/12\/HelaLogo-White-Outline.png","type":"image\/png"}],"twitter_card":"summary_large_image","twitter_misc":{"Dur\u00e9e de lecture estim\u00e9e":"1 minute"},"schema":{"@context":"https:\/\/schema.org","@graph":[{"@type":"WebPage","@id":"https:\/\/hela.nl\/consument\/contact\/","url":"https:\/\/hela.nl\/consument\/contact\/","name":"Contact - Hela.nl | Hela Thissen B.V.","isPartOf":{"@id":"https:\/\/hela.nl\/#website"},"datePublished":"2025-03-06T13:43:18+00:00","dateModified":"2026-03-30T09:20:54+00:00","description":"Neem contact met ons op. We proberen je bericht zo snel mogelijk te beantwoorden. Facebook Instagram Tiktok Postadres Hela Thissen B.V. Postbus 722 5900","breadcrumb":{"@id":"https:\/\/hela.nl\/consument\/contact\/#breadcrumb"},"inLanguage":"fr-FR","potentialAction":[{"@type":"ReadAction","target":["https:\/\/hela.nl\/consument\/contact\/"]}]},{"@type":"BreadcrumbList","@id":"https:\/\/hela.nl\/consument\/contact\/#breadcrumb","itemListElement":[{"@type":"ListItem","position":1,"name":"Home","item":"https:\/\/hela.nl\/"},{"@type":"ListItem","position":2,"name":"Consument","item":"https:\/\/hela.nl\/"},{"@type":"ListItem","position":3,"name":"Contact"}]},{"@type":"WebSite","@id":"https:\/\/hela.nl\/#website","url":"https:\/\/hela.nl\/","name":"Hela.nl | Hela Thissen B.V.","description":"Voor Iedere Consument &amp; Foodprofessional","publisher":{"@id":"https:\/\/hela.nl\/#organization"},"potentialAction":[{"@type":"SearchAction","target":{"@type":"EntryPoint","urlTemplate":"https:\/\/hela.nl\/?s={search_term_string}"},"query-input":{"@type":"PropertyValueSpecification","valueRequired":true,"valueName":"search_term_string"}}],"inLanguage":"fr-FR"},{"@type":"Organization","@id":"https:\/\/hela.nl\/#organization","name":"Hela","url":"https:\/\/hela.nl\/","logo":{"@type":"ImageObject","inLanguage":"fr-FR","@id":"https:\/\/hela.nl\/#\/schema\/logo\/image\/","url":"https:\/\/hela.nl\/wp-content\/uploads\/2022\/12\/BANNER-NAVI-antre.-logopng.png","contentUrl":"https:\/\/hela.nl\/wp-content\/uploads\/2022\/12\/BANNER-NAVI-antre.-logopng.png","width":300,"height":73,"caption":"Hela"},"image":{"@id":"https:\/\/hela.nl\/#\/schema\/logo\/image\/"},"sameAs":["https:\/\/www.instagram.com\/hela_professional\/"]}]}},"_links":{"self":[{"href":"https:\/\/hela.nl\/fr\/wp-json\/wp\/v2\/pages\/866854","targetHints":{"allow":["GET"]}}],"collection":[{"href":"https:\/\/hela.nl\/fr\/wp-json\/wp\/v2\/pages"}],"about":[{"href":"https:\/\/hela.nl\/fr\/wp-json\/wp\/v2\/types\/page"}],"author":[{"embeddable":true,"href":"https:\/\/hela.nl\/fr\/wp-json\/wp\/v2\/users\/1"}],"replies":[{"embeddable":true,"href":"https:\/\/hela.nl\/fr\/wp-json\/wp\/v2\/comments?post=866854"}],"version-history":[{"count":3,"href":"https:\/\/hela.nl\/fr\/wp-json\/wp\/v2\/pages\/866854\/revisions"}],"predecessor-version":[{"id":1045443,"href":"https:\/\/hela.nl\/fr\/wp-json\/wp\/v2\/pages\/866854\/revisions\/1045443"}],"up":[{"embeddable":true,"href":"https:\/\/hela.nl\/fr\/wp-json\/wp\/v2\/pages\/833754"}],"wp:attachment":[{"href":"https:\/\/hela.nl\/fr\/wp-json\/wp\/v2\/media?parent=866854"}],"curies":[{"name":"wp","href":"https:\/\/api.w.org\/{rel}","templated":true}]}}